{"id":99,"date":"2024-07-13T16:46:42","date_gmt":"2024-07-13T16:46:42","guid":{"rendered":"https:\/\/staldtoftedal.dk\/?page_id=99"},"modified":"2024-08-01T15:21:26","modified_gmt":"2024-08-01T13:21:26","slug":"vores-alv","status":"publish","type":"page","link":"https:\/\/staldtoftedal.dk\/?page_id=99","title":{"rendered":"VORES AVL"},"content":{"rendered":"<p>[et_pb_section fb_built=&#8221;1&#8243; admin_label=&#8221;Header&#8221; _builder_version=&#8221;4.26.0&#8243; _module_preset=&#8221;default&#8221; use_background_color_gradient=&#8221;on&#8221; background_color_gradient_stops=&#8221;rgba(0,0,0,0.5) 0%|rgba(0,0,0,0.5) 100%&#8221; background_color_gradient_overlays_image=&#8221;on&#8221; background_image=&#8221;https:\/\/staldtoftedal.dk\/wp-content\/uploads\/2024\/07\/Hestogfoel.jpg&#8221; min_height=&#8221;430px&#8221; height=&#8221;550px&#8221; custom_padding=&#8221;0vw||0vw||true|false&#8221; collapsed=&#8221;on&#8221; global_colors_info=&#8221;{}&#8221;][et_pb_row _builder_version=&#8221;4.20.0&#8243; _module_preset=&#8221;default&#8221; custom_padding=&#8221;200px|||||&#8221; global_colors_info=&#8221;{}&#8221;][et_pb_column type=&#8221;4_4&#8243; _builder_version=&#8221;4.20.0&#8243; _module_preset=&#8221;default&#8221; global_colors_info=&#8221;{}&#8221;][et_pb_text _builder_version=&#8221;4.26.0&#8243; _module_preset=&#8221;36d6bcbd-bb22-42bc-83a6-fa52aab0b86c&#8221; header_4_text_color=&#8221;#FFFFFF&#8221; text_orientation=&#8221;center&#8221; global_colors_info=&#8221;{}&#8221;]<\/p>\n<h4>Stald Toftedal<\/h4>\n<p>[\/et_pb_text][et_pb_text _builder_version=&#8221;4.26.0&#8243; _module_preset=&#8221;18b85672-f570-4ddf-848f-f4acddd5b8a2&#8243; header_text_color=&#8221;#FFFFFF&#8221; text_orientation=&#8221;center&#8221; global_colors_info=&#8221;{}&#8221;]<\/p>\n<h1>VORES AVL<\/h1>\n<p>[\/et_pb_text][\/et_pb_column][\/et_pb_row][\/et_pb_section][et_pb_section fb_built=&#8221;1&#8243; admin_label=&#8221;About&#8221; _builder_version=&#8221;4.24.0&#8243; _module_preset=&#8221;default&#8221; background_color=&#8221;#FFFFFF&#8221; collapsed=&#8221;on&#8221; global_colors_info=&#8221;{}&#8221;][et_pb_row column_structure=&#8221;1_2,1_2&#8243; _builder_version=&#8221;4.20.0&#8243; _module_preset=&#8221;default&#8221; custom_padding=&#8221;||0px||false|false&#8221; global_colors_info=&#8221;{}&#8221;][et_pb_column type=&#8221;1_2&#8243; _builder_version=&#8221;4.20.0&#8243; _module_preset=&#8221;default&#8221; global_colors_info=&#8221;{}&#8221;][et_pb_blurb image=&#8221;https:\/\/staldtoftedal.dk\/wp-content\/uploads\/2024\/07\/foeloghoppe.jpg&#8221; _builder_version=&#8221;4.26.1&#8243; _module_preset=&#8221;default&#8221; hover_enabled=&#8221;0&#8243; global_colors_info=&#8221;{}&#8221; box_shadow_style_image=&#8221;preset2&#8243; sticky_enabled=&#8221;0&#8243;][\/et_pb_blurb][et_pb_blurb image=&#8221;https:\/\/staldtoftedal.dk\/wp-content\/uploads\/2024\/08\/Dalvar.jpg&#8221; _builder_version=&#8221;4.26.1&#8243; _module_preset=&#8221;default&#8221; hover_enabled=&#8221;0&#8243; global_colors_info=&#8221;{}&#8221; title_text=&#8221;Dalvar&#8221; sticky_enabled=&#8221;0&#8243; box_shadow_style_image=&#8221;preset2&#8243;][\/et_pb_blurb][\/et_pb_column][et_pb_column type=&#8221;1_2&#8243; _builder_version=&#8221;4.20.0&#8243; _module_preset=&#8221;default&#8221; global_colors_info=&#8221;{}&#8221;][et_pb_text _builder_version=&#8221;4.26.0&#8243; _module_preset=&#8221;c9668099-08d3-4497-bcdd-f8b56eb51207&#8243; text_text_color=&#8221;#FFFFFF&#8221; min_height=&#8221;566.8px&#8221; custom_margin=&#8221;||-69px|||&#8221; global_colors_info=&#8221;{}&#8221;]<\/p>\n<h3><strong><span style=\"color: #000000;\">AVL<\/span><\/strong><\/h3>\n<p><span style=\"color: #000000;\">Da vi startede med at avle, avlede vi udelukkende til os selv og vores hesteskole. I dag fylder avlen mere end vores andre aktiviteter.\u00a0<\/span><span style=\"color: #000000;\">Vi avler prim\u00e6rt p\u00e5 vores 1. klasses hoppe <strong>Lukka fra Toftedal<\/strong> og p\u00e5 <strong>\u00d3skadis fra Gili.<\/strong><\/span><\/p>\n<p><span style=\"color: #000000;\">Vi s\u00e6lger vores ungheste, for at give plads til n\u00e6ste \u00e5rs f\u00f8l. Andre f\u00f8l beholder vi, hvis vi fx. mener hingstef\u00f8llet har potentiale til avlshingst. De fleste af vores hoppef\u00f8l beholder vi, for at arbejde videre med vores linjer. Vi tr\u00e6kker et f\u00f8l eller to f\u00f8l p\u00e5 dem, n\u00e5r de er gamle nok, derefter bliver de redet til og kommer til salg som ridehest.\u00a0<\/span><\/p>\n<p><span style=\"color: #000000;\">Vi g\u00f8r meget ud af at f\u00e5 lavet et godt match mellem hest og k\u00f8ber. Hvis du k\u00f8ber f\u00f8l hos os, har du mulighed for at f\u00f8lge det fra det er f\u00f8dt til det skal v\u00e6nnes fra og flytte hjem til dig.\u00a0<\/span><\/p>\n<p><span style=\"color: #000000;\">Kontakt os for flere oplysninger om den enkelte salgshest.\u00a0<\/span><\/p>\n<p><span style=\"color: #000000;\"><\/span><\/p>\n<p>&nbsp;<\/p>\n<p>&nbsp;<\/p>\n<p>[\/et_pb_text][et_pb_text _builder_version=&#8221;4.26.0&#8243; _module_preset=&#8221;c9668099-08d3-4497-bcdd-f8b56eb51207&#8243; text_text_color=&#8221;#FFFFFF&#8221; custom_margin=&#8221;||-42px|||&#8221; global_colors_info=&#8221;{}&#8221;]<\/p>\n<h3><strong><span style=\"color: #000000;\">AVLHINGST<\/span><\/strong><\/h3>\n<p><span style=\"color: #000000;\">Dalvar fra Toftedal<\/span><\/p>\n<p><span style=\"color: #000000;\"><\/span><\/p>\n<p>&nbsp;<\/p>\n<p>&nbsp;<\/p>\n<p>[\/et_pb_text][\/et_pb_column][\/et_pb_row][\/et_pb_section][et_pb_section fb_built=&#8221;1&#8243; _builder_version=&#8221;4.26.0&#8243; _module_preset=&#8221;default&#8221; background_color=&#8221;rgba(0,0,0,0.45)&#8221; use_background_color_gradient=&#8221;on&#8221; background_color_gradient_direction=&#8221;145deg&#8221; background_color_gradient_stops=&#8221;#230a0a 0%|rgba(0,0,0,0.73) 37%|rgba(255,255,255,0.55) 97%&#8221; background_color_gradient_overlays_image=&#8221;on&#8221; background_image=&#8221;https:\/\/staldtoftedal.dk\/wp-content\/uploads\/2024\/07\/flok.jpg&#8221; custom_padding=&#8221;||1px|||&#8221; global_colors_info=&#8221;{}&#8221;][et_pb_row column_structure=&#8221;1_3,1_3,1_3&#8243; _builder_version=&#8221;4.24.0&#8243; _module_preset=&#8221;default&#8221; custom_margin=&#8221;-29px|auto||auto||&#8221; custom_padding=&#8221;|0px|14px|||&#8221; global_colors_info=&#8221;{}&#8221;][et_pb_column type=&#8221;1_3&#8243; _builder_version=&#8221;4.24.0&#8243; _module_preset=&#8221;default&#8221; global_colors_info=&#8221;{}&#8221;][et_pb_text _builder_version=&#8221;4.24.0&#8243; _module_preset=&#8221;8bab1649-7dea-4313-9d14-2837ad0c630a&#8221; custom_margin=&#8221;-12px|||||&#8221; locked=&#8221;off&#8221; global_colors_info=&#8221;{}&#8221;]<\/p>\n<p><span style=\"color: #999999;\"><strong>Adresse<\/strong><\/span><br \/><span style=\"color: #ffffff;\">Toftev\u00e6nget 80<br \/>5700 Svendborg<\/span><\/p>\n<p>[\/et_pb_text][\/et_pb_column][et_pb_column type=&#8221;1_3&#8243; _builder_version=&#8221;4.24.0&#8243; _module_preset=&#8221;default&#8221; global_colors_info=&#8221;{}&#8221;][et_pb_text _builder_version=&#8221;4.24.0&#8243; _module_preset=&#8221;8bab1649-7dea-4313-9d14-2837ad0c630a&#8221; custom_margin=&#8221;-12px|||||&#8221; locked=&#8221;off&#8221; global_colors_info=&#8221;{}&#8221;]<\/p>\n<p><span style=\"color: #999999;\"><strong>Kontakt<\/strong><\/span><br \/><span style=\"color: #ffffff;\"><span>+45 2442 0045<\/span>\u00a0<br \/><\/span><span style=\"color: #ffffff;\"><span>Susannedannaher@gmail.com<\/span><\/span>\u00a0<\/p>\n<p>[\/et_pb_text][\/et_pb_column][et_pb_column type=&#8221;1_3&#8243; _builder_version=&#8221;4.24.0&#8243; _module_preset=&#8221;default&#8221; global_colors_info=&#8221;{}&#8221;][et_pb_text _builder_version=&#8221;4.26.1&#8243; _module_preset=&#8221;8bab1649-7dea-4313-9d14-2837ad0c630a&#8221; custom_margin=&#8221;-12px|||||&#8221; locked=&#8221;off&#8221; global_colors_info=&#8221;{}&#8221;]<\/p>\n<p><span style=\"color: #999999;\"><strong>Links<\/strong><\/span><br \/><span style=\"color: #ffffff;\"><a href=\"https:\/\/staldtoftedal.dk\/?page_id=159\" style=\"color: #ffffff;\">Cookie &amp; Privatlivspolitik<\/a><br \/><a href=\"https:\/\/kenneltoftedal.dk\/wp-login.php\" style=\"color: #ffffff;\">Login<\/a><\/span><\/p>\n<p>[\/et_pb_text][\/et_pb_column][\/et_pb_row][\/et_pb_section]<\/p>\n","protected":false},"excerpt":{"rendered":"<p>Stald ToftedalVORES AVLAVL Da vi startede med at avle, avlede vi udelukkende til os selv og vores hesteskole. I dag fylder avlen mere end vores andre aktiviteter.\u00a0Vi avler prim\u00e6rt p\u00e5 vores 1. klasses hoppe Lukka fra Toftedal og p\u00e5 \u00d3skadis fra Gili. Vi s\u00e6lger vores ungheste, for at give plads til n\u00e6ste \u00e5rs f\u00f8l. Andre [&hellip;]<\/p>\n","protected":false},"author":1,"featured_media":0,"parent":0,"menu_order":0,"comment_status":"closed","ping_status":"closed","template":"","meta":{"_et_pb_use_builder":"on","_et_pb_old_content":"","_et_gb_content_width":"","footnotes":""},"class_list":["post-99","page","type-page","status-publish","hentry"],"_links":{"self":[{"href":"https:\/\/staldtoftedal.dk\/index.php?rest_route=\/wp\/v2\/pages\/99","targetHints":{"allow":["GET"]}}],"collection":[{"href":"https:\/\/staldtoftedal.dk\/index.php?rest_route=\/wp\/v2\/pages"}],"about":[{"href":"https:\/\/staldtoftedal.dk\/index.php?rest_route=\/wp\/v2\/types\/page"}],"author":[{"embeddable":true,"href":"https:\/\/staldtoftedal.dk\/index.php?rest_route=\/wp\/v2\/users\/1"}],"replies":[{"embeddable":true,"href":"https:\/\/staldtoftedal.dk\/index.php?rest_route=%2Fwp%2Fv2%2Fcomments&post=99"}],"version-history":[{"count":8,"href":"https:\/\/staldtoftedal.dk\/index.php?rest_route=\/wp\/v2\/pages\/99\/revisions"}],"predecessor-version":[{"id":337,"href":"https:\/\/staldtoftedal.dk\/index.php?rest_route=\/wp\/v2\/pages\/99\/revisions\/337"}],"wp:attachment":[{"href":"https:\/\/staldtoftedal.dk\/index.php?rest_route=%2Fwp%2Fv2%2Fmedia&parent=99"}],"curies":[{"name":"wp","href":"https:\/\/api.w.org\/{rel}","templated":true}]}}