{"id":44,"date":"2024-07-13T15:42:10","date_gmt":"2024-07-13T15:42:10","guid":{"rendered":"https:\/\/staldtoftedal.dk\/?page_id=44"},"modified":"2024-08-01T15:27:38","modified_gmt":"2024-08-01T13:27:38","slug":"rideterapi-coaching","status":"publish","type":"page","link":"https:\/\/staldtoftedal.dk\/?page_id=44","title":{"rendered":"RIDETERAPI OG COACHING"},"content":{"rendered":"<p>[et_pb_section fb_built=&#8221;1&#8243; admin_label=&#8221;Header&#8221; _builder_version=&#8221;4.26.0&#8243; _module_preset=&#8221;default&#8221; use_background_color_gradient=&#8221;on&#8221; background_color_gradient_stops=&#8221;rgba(0,0,0,0.5) 0%|rgba(0,0,0,0.5) 100%&#8221; background_color_gradient_overlays_image=&#8221;on&#8221; background_image=&#8221;https:\/\/staldtoftedal.dk\/wp-content\/uploads\/2024\/07\/hestogsusanne.jpg&#8221; min_height=&#8221;430px&#8221; height=&#8221;550px&#8221; custom_padding=&#8221;0vw||0vw||true|false&#8221; collapsed=&#8221;on&#8221; global_colors_info=&#8221;{}&#8221;][et_pb_row _builder_version=&#8221;4.20.0&#8243; _module_preset=&#8221;default&#8221; custom_padding=&#8221;200px|||||&#8221; global_colors_info=&#8221;{}&#8221;][et_pb_column type=&#8221;4_4&#8243; _builder_version=&#8221;4.20.0&#8243; _module_preset=&#8221;default&#8221; global_colors_info=&#8221;{}&#8221;][et_pb_text _builder_version=&#8221;4.26.0&#8243; _module_preset=&#8221;36d6bcbd-bb22-42bc-83a6-fa52aab0b86c&#8221; header_4_text_color=&#8221;#FFFFFF&#8221; text_orientation=&#8221;center&#8221; global_colors_info=&#8221;{}&#8221;]<\/p>\n<h4>Stald Toftedal<\/h4>\n<p>[\/et_pb_text][et_pb_text _builder_version=&#8221;4.26.0&#8243; _module_preset=&#8221;18b85672-f570-4ddf-848f-f4acddd5b8a2&#8243; header_text_color=&#8221;#FFFFFF&#8221; text_orientation=&#8221;center&#8221; global_colors_info=&#8221;{}&#8221;]<\/p>\n<h1>RIDETERAPI OG COACHING<\/h1>\n<p>[\/et_pb_text][\/et_pb_column][\/et_pb_row][\/et_pb_section][et_pb_section fb_built=&#8221;1&#8243; _builder_version=&#8221;4.26.1&#8243; _module_preset=&#8221;default&#8221; global_colors_info=&#8221;{}&#8221;][et_pb_row _builder_version=&#8221;4.26.1&#8243; _module_preset=&#8221;default&#8221; hover_enabled=&#8221;0&#8243; global_colors_info=&#8221;{}&#8221; theme_builder_area=&#8221;post_content&#8221; sticky_enabled=&#8221;0&#8243;][et_pb_column type=&#8221;4_4&#8243; _builder_version=&#8221;4.26.1&#8243; _module_preset=&#8221;default&#8221; global_colors_info=&#8221;{}&#8221; theme_builder_area=&#8221;post_content&#8221;][et_pb_blurb title=&#8221;SIDEN ER UNDER OPBYGNING&#8221; image=&#8221;https:\/\/staldtoftedal.dk\/wp-content\/uploads\/2024\/08\/IMG_5472-scaled.jpeg&#8221; _builder_version=&#8221;4.26.1&#8243; _module_preset=&#8221;default&#8221; header_text_align=&#8221;center&#8221; text_orientation=&#8221;center&#8221; hover_enabled=&#8221;0&#8243; box_shadow_style_image=&#8221;preset2&#8243; global_colors_info=&#8221;{}&#8221; theme_builder_area=&#8221;post_content&#8221; title_text=&#8221;IMG_5472&#8243; sticky_enabled=&#8221;0&#8243;]<\/p>\n<p>Kontakt mig gerne hvis du har sp\u00f8rgsm\u00e5l.<\/p>\n<p>[\/et_pb_blurb][\/et_pb_column][\/et_pb_row][\/et_pb_section][et_pb_section fb_built=&#8221;1&#8243; _builder_version=&#8221;4.26.0&#8243; _module_preset=&#8221;default&#8221; background_color=&#8221;rgba(0,0,0,0.45)&#8221; use_background_color_gradient=&#8221;on&#8221; background_color_gradient_direction=&#8221;145deg&#8221; background_color_gradient_stops=&#8221;#230a0a 0%|rgba(0,0,0,0.73) 37%|rgba(255,255,255,0.55) 97%&#8221; background_color_gradient_overlays_image=&#8221;on&#8221; background_image=&#8221;https:\/\/staldtoftedal.dk\/wp-content\/uploads\/2024\/07\/flok.jpg&#8221; custom_padding=&#8221;||1px|||&#8221; global_colors_info=&#8221;{}&#8221;][et_pb_row column_structure=&#8221;1_3,1_3,1_3&#8243; _builder_version=&#8221;4.24.0&#8243; _module_preset=&#8221;default&#8221; custom_margin=&#8221;-29px|auto||auto||&#8221; custom_padding=&#8221;|0px|14px|||&#8221; global_colors_info=&#8221;{}&#8221;][et_pb_column type=&#8221;1_3&#8243; _builder_version=&#8221;4.24.0&#8243; _module_preset=&#8221;default&#8221; global_colors_info=&#8221;{}&#8221;][et_pb_text _builder_version=&#8221;4.24.0&#8243; _module_preset=&#8221;ed14e146-119d-4db2-8f7e-268eb128a2e8&#8243; custom_margin=&#8221;-12px|||||&#8221; locked=&#8221;off&#8221; global_colors_info=&#8221;{}&#8221;]<\/p>\n<p><span style=\"color: #999999;\"><strong>Adresse<\/strong><\/span><br \/><span style=\"color: #ffffff;\">Toftev\u00e6nget 80<br \/>5700 Svendborg<\/span><\/p>\n<p>[\/et_pb_text][\/et_pb_column][et_pb_column type=&#8221;1_3&#8243; _builder_version=&#8221;4.24.0&#8243; _module_preset=&#8221;default&#8221; global_colors_info=&#8221;{}&#8221;][et_pb_text _builder_version=&#8221;4.24.0&#8243; _module_preset=&#8221;ed14e146-119d-4db2-8f7e-268eb128a2e8&#8243; custom_margin=&#8221;-12px|||||&#8221; locked=&#8221;off&#8221; global_colors_info=&#8221;{}&#8221;]<\/p>\n<p><span style=\"color: #999999;\"><strong>Kontakt<\/strong><\/span><br \/><span style=\"color: #ffffff;\"><span>+45 2442 0045<\/span>\u00a0<br \/><\/span><span style=\"color: #ffffff;\"><span>Susannedannaher@gmail.com<\/span><\/span>\u00a0<\/p>\n<p>[\/et_pb_text][\/et_pb_column][et_pb_column type=&#8221;1_3&#8243; _builder_version=&#8221;4.24.0&#8243; _module_preset=&#8221;default&#8221; global_colors_info=&#8221;{}&#8221;][et_pb_text _builder_version=&#8221;4.26.1&#8243; _module_preset=&#8221;ed14e146-119d-4db2-8f7e-268eb128a2e8&#8243; custom_margin=&#8221;-12px|||||&#8221; locked=&#8221;off&#8221; global_colors_info=&#8221;{}&#8221;]<\/p>\n<p><span style=\"color: #999999;\"><strong>Links<\/strong><\/span><br \/><span style=\"color: #ffffff;\"><a href=\"https:\/\/staldtoftedal.dk\/?page_id=159\" style=\"color: #ffffff;\">Cookie &amp; Privatlivspolitik<\/a><br \/><a href=\"https:\/\/kenneltoftedal.dk\/wp-login.php\" style=\"color: #ffffff;\">Login<\/a><\/span><\/p>\n<p>[\/et_pb_text][\/et_pb_column][\/et_pb_row][\/et_pb_section]<\/p>\n","protected":false},"excerpt":{"rendered":"<p>Stald ToftedalRIDETERAPI OG COACHINGKontakt mig gerne hvis du har sp\u00f8rgsm\u00e5l.AdresseToftev\u00e6nget 805700 SvendborgKontakt+45 2442 0045\u00a0Susannedannaher@gmail.com\u00a0LinksCookie &amp; PrivatlivspolitikLogin<\/p>\n","protected":false},"author":1,"featured_media":0,"parent":0,"menu_order":0,"comment_status":"closed","ping_status":"closed","template":"","meta":{"_et_pb_use_builder":"on","_et_pb_old_content":"","_et_gb_content_width":"","footnotes":""},"class_list":["post-44","page","type-page","status-publish","hentry"],"_links":{"self":[{"href":"https:\/\/staldtoftedal.dk\/index.php?rest_route=\/wp\/v2\/pages\/44","targetHints":{"allow":["GET"]}}],"collection":[{"href":"https:\/\/staldtoftedal.dk\/index.php?rest_route=\/wp\/v2\/pages"}],"about":[{"href":"https:\/\/staldtoftedal.dk\/index.php?rest_route=\/wp\/v2\/types\/page"}],"author":[{"embeddable":true,"href":"https:\/\/staldtoftedal.dk\/index.php?rest_route=\/wp\/v2\/users\/1"}],"replies":[{"embeddable":true,"href":"https:\/\/staldtoftedal.dk\/index.php?rest_route=%2Fwp%2Fv2%2Fcomments&post=44"}],"version-history":[{"count":10,"href":"https:\/\/staldtoftedal.dk\/index.php?rest_route=\/wp\/v2\/pages\/44\/revisions"}],"predecessor-version":[{"id":340,"href":"https:\/\/staldtoftedal.dk\/index.php?rest_route=\/wp\/v2\/pages\/44\/revisions\/340"}],"wp:attachment":[{"href":"https:\/\/staldtoftedal.dk\/index.php?rest_route=%2Fwp%2Fv2%2Fmedia&parent=44"}],"curies":[{"name":"wp","href":"https:\/\/api.w.org\/{rel}","templated":true}]}}