{"id":312,"date":"2024-08-01T13:58:10","date_gmt":"2024-08-01T11:58:10","guid":{"rendered":"https:\/\/staldtoftedal.dk\/?page_id=312"},"modified":"2024-08-01T14:16:11","modified_gmt":"2024-08-01T12:16:11","slug":"yringur-fra-toftedal","status":"publish","type":"page","link":"https:\/\/staldtoftedal.dk\/?page_id=312","title":{"rendered":"Yringur fra Toftedal"},"content":{"rendered":"<p>[et_pb_section fb_built=&#8221;1&#8243; admin_label=&#8221;Header&#8221; _builder_version=&#8221;4.26.0&#8243; _module_preset=&#8221;default&#8221; use_background_color_gradient=&#8221;on&#8221; background_color_gradient_stops=&#8221;rgba(0,0,0,0.5) 0%|rgba(0,0,0,0.5) 100%&#8221; background_color_gradient_overlays_image=&#8221;on&#8221; background_image=&#8221;https:\/\/staldtoftedal.dk\/wp-content\/uploads\/2024\/07\/Hestogfoel.jpg&#8221; min_height=&#8221;430px&#8221; height=&#8221;550px&#8221; custom_padding=&#8221;0vw||0vw||true|false&#8221; collapsed=&#8221;on&#8221; global_colors_info=&#8221;{}&#8221; theme_builder_area=&#8221;post_content&#8221;][et_pb_row _builder_version=&#8221;4.20.0&#8243; _module_preset=&#8221;default&#8221; custom_padding=&#8221;200px|||||&#8221; global_colors_info=&#8221;{}&#8221; theme_builder_area=&#8221;post_content&#8221;][et_pb_column type=&#8221;4_4&#8243; _builder_version=&#8221;4.20.0&#8243; _module_preset=&#8221;default&#8221; global_colors_info=&#8221;{}&#8221; theme_builder_area=&#8221;post_content&#8221;][et_pb_text _builder_version=&#8221;4.26.0&#8243; _module_preset=&#8221;8ca7a00c-966a-4e39-8714-cbcb916669b8&#8243; header_4_text_color=&#8221;#FFFFFF&#8221; text_orientation=&#8221;center&#8221; global_colors_info=&#8221;{}&#8221; theme_builder_area=&#8221;post_content&#8221;]<\/p>\n<h4>Stald Toftedal<\/h4>\n<p>[\/et_pb_text][et_pb_text _builder_version=&#8221;4.26.1&#8243; _module_preset=&#8221;83db1767-29b7-40e5-9d39-9172738e88b6&#8243; header_text_color=&#8221;#FFFFFF&#8221; text_orientation=&#8221;center&#8221; hover_enabled=&#8221;0&#8243; global_colors_info=&#8221;{}&#8221; theme_builder_area=&#8221;post_content&#8221; sticky_enabled=&#8221;0&#8243;]<\/p>\n<h1>YRINGUR TOFTEDAL<\/h1>\n<p>[\/et_pb_text][\/et_pb_column][\/et_pb_row][\/et_pb_section][et_pb_section fb_built=&#8221;1&#8243; admin_label=&#8221;About&#8221; _builder_version=&#8221;4.24.0&#8243; _module_preset=&#8221;default&#8221; background_color=&#8221;#FFFFFF&#8221; collapsed=&#8221;on&#8221; global_colors_info=&#8221;{}&#8221; theme_builder_area=&#8221;post_content&#8221;][et_pb_row column_structure=&#8221;3_5,2_5&#8243; _builder_version=&#8221;4.20.0&#8243; _module_preset=&#8221;default&#8221; custom_padding=&#8221;||0px||false|false&#8221; global_colors_info=&#8221;{}&#8221; theme_builder_area=&#8221;post_content&#8221;][et_pb_column type=&#8221;3_5&#8243; _builder_version=&#8221;4.20.0&#8243; _module_preset=&#8221;default&#8221; global_colors_info=&#8221;{}&#8221; theme_builder_area=&#8221;post_content&#8221;][et_pb_blurb image=&#8221;https:\/\/staldtoftedal.dk\/wp-content\/uploads\/2024\/08\/Toftedal-salg-0857-scaled.jpg&#8221; _builder_version=&#8221;4.26.1&#8243; _module_preset=&#8221;default&#8221; hover_enabled=&#8221;0&#8243; global_colors_info=&#8221;{}&#8221; theme_builder_area=&#8221;post_content&#8221; title_text=&#8221;Toftedal salg-0857&#8243; sticky_enabled=&#8221;0&#8243;][\/et_pb_blurb][et_pb_blurb image=&#8221;https:\/\/staldtoftedal.dk\/wp-content\/uploads\/2024\/08\/IMG_9624-scaled.jpeg&#8221; _builder_version=&#8221;4.26.1&#8243; _module_preset=&#8221;default&#8221; hover_enabled=&#8221;0&#8243; global_colors_info=&#8221;{}&#8221; theme_builder_area=&#8221;post_content&#8221; title_text=&#8221;IMG_9624&#8243; sticky_enabled=&#8221;0&#8243;][\/et_pb_blurb][et_pb_blurb image=&#8221;https:\/\/staldtoftedal.dk\/wp-content\/uploads\/2024\/08\/D6C5413.png&#8221; _builder_version=&#8221;4.26.1&#8243; _module_preset=&#8221;default&#8221; hover_enabled=&#8221;0&#8243; global_colors_info=&#8221;{}&#8221; theme_builder_area=&#8221;post_content&#8221; title_text=&#8221;_D6C5413&#8243; sticky_enabled=&#8221;0&#8243;][\/et_pb_blurb][et_pb_blurb image=&#8221;https:\/\/staldtoftedal.dk\/wp-content\/uploads\/2024\/08\/IMG_6754-scaled.jpeg&#8221; _builder_version=&#8221;4.26.1&#8243; _module_preset=&#8221;default&#8221; hover_enabled=&#8221;0&#8243; global_colors_info=&#8221;{}&#8221; theme_builder_area=&#8221;post_content&#8221; title_text=&#8221;IMG_6754&#8243; sticky_enabled=&#8221;0&#8243;][\/et_pb_blurb][\/et_pb_column][et_pb_column type=&#8221;2_5&#8243; _builder_version=&#8221;4.20.0&#8243; _module_preset=&#8221;default&#8221; global_colors_info=&#8221;{}&#8221; theme_builder_area=&#8221;post_content&#8221;][et_pb_text _builder_version=&#8221;4.26.1&#8243; _module_preset=&#8221;c9668099-08d3-4497-bcdd-f8b56eb51207&#8243; text_text_color=&#8221;#FFFFFF&#8221; hover_enabled=&#8221;0&#8243; global_colors_info=&#8221;{}&#8221; theme_builder_area=&#8221;post_content&#8221; sticky_enabled=&#8221;0&#8243;]<\/p>\n<h3><span style=\"color: #000000;\"><strong>Yringur fra Toftedal<\/strong><\/span><\/h3>\n<p><span style=\"color: #000000;\">DK2019100609<\/span><\/p>\n<p><span style=\"color: #000000;\">Yringur er virkelig gudernes hest, han har 5 helt fantastisk gangarter, han har et hjerte af guld og er <\/span><span style=\"color: #000000;\">smuk som en gud.<\/span><br \/><span style=\"color: #000000;\">Yringur er en 5-\u00e5rig gl, gl\u00f3brun vallak med super let til taktren t\u00f8lt. Han har trods sin 134 cm, store <\/span><span style=\"color: #000000;\">bl\u00f8de og rummelige bev\u00e6gelser som han fuldst\u00e6ndig skiller ad.<\/span><br \/><span style=\"color: #000000;\">Yringur er en k\u00e6rlig og omsorgsfuld dreng, der tager sig godt af sin flok. Han har de sidste 2 \u00e5r <\/span><span style=\"color: #000000;\">v\u00e6ret flokleder for vores unghingstflok, hvor han er en utrolig opm\u00e6rksom leder og s\u00f8rgede for at <\/span><span style=\"color: #000000;\">alle var med. Han er kontakts\u00f8gende og tillidsfuld overfor os mennesker, men forst\u00e5r ogs\u00e5 et <\/span><span style=\"color: #000000;\">d\u00e6mpet signal om, at han skal rykke sig.<br \/><\/span><br \/><span style=\"color: #000000;\">Yringur er efter vores Ira fra Hestehaveg\u00e5rd som vi k\u00f8bt til Laura, da Laura var 10 \u00e5r og Ira den <\/span><span style=\"color: #000000;\">gang 6 \u00e5r gammel og utilredet, men Laura m\u00e5tte bare have hende. <\/span><span style=\"color: #000000;\">Ira har givet os mange super gode oplevelser, ridetur i natur, undervisning p\u00e5 bane, konkurrence og <\/span><span style=\"color: #000000;\">2 f\u00f8l, deraf Yringur som det sidste.<br \/><\/span><br \/><span style=\"color: #000000;\">Yringur er f\u00f8dt p\u00e5 Stald Toftedal og har de f\u00f8rst 4 \u00e5r g\u00e5et i vores unghingsteflok p\u00e5 Lehnskov om s<\/span><span style=\"color: #000000;\">ommeren og om vinteren hjemme p\u00e5 Stald Toftedal. Han g\u00e5r lige i trailer og er k\u00f8rt flere gang <\/span><span style=\"color: #000000;\">helt uden problemer.<\/span><\/p>\n<p><span style=\"text-decoration: underline;\"><span style=\"color: #000000; text-decoration: underline;\">Yringur er efter:<\/span><\/span><br \/><span style=\"color: #000000;\">Mor: Ira fra Hestehavegaard (7.56)<\/span><br \/><span style=\"color: #000000;\">Morfar: Gulltoppur fr\u00e1 \u00dever\u00e1, Sk\u00ed\u00f0adal (8.03)<\/span><br \/><span style=\"color: #000000;\">Far: Bjartur fra Efri-Rau\u00f0al\u00e6k (8.08)<\/span><br \/><span style=\"color: #000000;\">Farfar: Ljosvaki fr\u00e1 Akureyri (8.31)<\/span><\/p>\n<p><span style=\"text-decoration: underline;\"><span style=\"color: #000000; text-decoration: underline;\">Yringur som ridehest:<\/span><\/span><br \/><span style=\"color: #000000;\"><strong>SIND:<\/strong> Yringur var som f\u00f8l meget tillidsfuld, nysgerrig og opm\u00e6rksom. Han gik de f\u00f8rst 3 \u00e5r <\/span><span style=\"color: #000000;\">sammen med hans halvbror (samme far) Kramsi fra Toftedal. Da Kramsi flyttede op til <\/span><span style=\"color: #000000;\">Laura i 2023 fik Yringur muligheden og tog den som leder af unghingstefolden. En opgave <\/span><span style=\"color: #000000;\">han klarede p\u00e5 allerbedste vis, viste han de unge 1 \u00e5r p\u00e5 omsorgsfuld men bestemt vis <\/span><span style=\"color: #000000;\">hvordan man opf\u00f8rte, aldrig med kamp og skrammer.<br \/><\/span><br \/><span style=\"color: #000000;\"><strong>BYG:<\/strong> Yringur er smuk bygget, en lang og velanset hals med et naturligt \u201ckn\u00e6k\u201d. Et smukt <\/span><span style=\"color: #000000;\">hoved med en lang pandelok, lige som han har en lang og smuk man. Han har en god ryg <\/span><span style=\"color: #000000;\">med plads til sadlen, lange kraftige ben og gode hove.<br \/><\/span><br \/><span style=\"color: #000000;\"><strong>RID:<\/strong> 5-g\u00e6nger med en god taktren t\u00f8lt, en stor trav med sv\u00e6v, hvor han mangler lidt <\/span><br \/><span style=\"color: #000000;\">balance, en galop med p\u00e6nt opspring og en stor og rumlig skridt, hvor du virkelig bliver <\/span><span style=\"color: #000000;\">arbejdet igennem. Passen er endnu ikke pr\u00f8ve. <\/span><span style=\"color: #000000;\">Vi har startet ham med jord arbejde i februar m\u00e5ned, let ridning p\u00e5 bane og derefter pause. <\/span><br \/><span style=\"color: #000000;\">Vi er nu igang med ridning langs vej, ved stranden og i skoven. Yringur tager det helt <\/span><span style=\"color: #000000;\">fantastisk. P\u00e5 vores f\u00f8rste tur langs vejen m\u00f8dte vi bus, motorcykel, biler med og uden <\/span><span style=\"color: #000000;\">trailer og en flok cyklister, han reagerede overhovedet ikke p\u00e5 noget af det. Han kiggede p\u00e5 <\/span><span style=\"color: #000000;\">d\u00e6ksler og p\u00e5 b\u00f8rn der hoppede i trampolin bag en h\u00e6k, men gik p\u00e6nt videre. <\/span><br \/><span style=\"color: #000000;\">Jeg kan m\u00e6rke han elsker at komme i skoven, endelig sker der noget nyt. Han er glad, nyder <\/span><span style=\"color: #000000;\">stilheden og naturen. Han er virkelig en ener. <\/span><span style=\"color: #000000;\">Det n\u00e6ste nye han skal pr\u00f8ve er en tur til stranden og p\u00e5 konkurrencebanen. <\/span><span style=\"color: #000000;\">Alt har han gjort det alene.<br \/><\/span><br \/><span style=\"color: #000000;\">H\u00d8JDE: 134 -136 cm, han vokser lidt endnu, g<\/span><span style=\"color: #000000;\">l\u00f3brun med lille stjerne.<\/span><\/p>\n<p><span style=\"color: #000000;\">Yringur er passet med smed, vaccinationer og ormekur.<br \/><\/span><br \/><span style=\"color: #000000;\">Han er til salg til rette hjem.<\/span><\/p>\n<p>[\/et_pb_text][\/et_pb_column][\/et_pb_row][\/et_pb_section][et_pb_section fb_built=&#8221;1&#8243; _builder_version=&#8221;4.26.0&#8243; _module_preset=&#8221;default&#8221; background_color=&#8221;rgba(0,0,0,0.45)&#8221; use_background_color_gradient=&#8221;on&#8221; background_color_gradient_direction=&#8221;145deg&#8221; background_color_gradient_stops=&#8221;#230a0a 0%|rgba(0,0,0,0.73) 37%|rgba(255,255,255,0.55) 97%&#8221; background_color_gradient_overlays_image=&#8221;on&#8221; background_image=&#8221;https:\/\/staldtoftedal.dk\/wp-content\/uploads\/2024\/07\/flok.jpg&#8221; custom_padding=&#8221;||1px|||&#8221; global_colors_info=&#8221;{}&#8221; theme_builder_area=&#8221;post_content&#8221;][et_pb_row column_structure=&#8221;1_3,1_3,1_3&#8243; _builder_version=&#8221;4.24.0&#8243; _module_preset=&#8221;default&#8221; custom_margin=&#8221;-29px|auto||auto||&#8221; custom_padding=&#8221;|0px|14px|||&#8221; global_colors_info=&#8221;{}&#8221; theme_builder_area=&#8221;post_content&#8221;][et_pb_column type=&#8221;1_3&#8243; _builder_version=&#8221;4.24.0&#8243; _module_preset=&#8221;default&#8221; global_colors_info=&#8221;{}&#8221; theme_builder_area=&#8221;post_content&#8221;][et_pb_text _builder_version=&#8221;4.24.0&#8243; _module_preset=&#8221;4869e8ad-6981-45a4-8279-2a6f2ae26c21&#8243; custom_margin=&#8221;-12px|||||&#8221; locked=&#8221;off&#8221; global_colors_info=&#8221;{}&#8221; theme_builder_area=&#8221;post_content&#8221;]<\/p>\n<p><span style=\"color: #999999;\"><strong>Adresse<\/strong><\/span><br \/><span style=\"color: #ffffff;\">Toftev\u00e6nget 80<br \/>5700 Svendborg<\/span><\/p>\n<p>[\/et_pb_text][\/et_pb_column][et_pb_column type=&#8221;1_3&#8243; _builder_version=&#8221;4.24.0&#8243; _module_preset=&#8221;default&#8221; global_colors_info=&#8221;{}&#8221; theme_builder_area=&#8221;post_content&#8221;][et_pb_text _builder_version=&#8221;4.24.0&#8243; _module_preset=&#8221;4869e8ad-6981-45a4-8279-2a6f2ae26c21&#8243; custom_margin=&#8221;-12px|||||&#8221; locked=&#8221;off&#8221; global_colors_info=&#8221;{}&#8221; theme_builder_area=&#8221;post_content&#8221;]<\/p>\n<p><span style=\"color: #999999;\"><strong>Kontakt<\/strong><\/span><br \/><span style=\"color: #ffffff;\"><span>+45 2442 0045<\/span>\u00a0<br \/><\/span><span style=\"color: #ffffff;\"><span>Susannedannaher@gmail.com<\/span><\/span>\u00a0<\/p>\n<p>[\/et_pb_text][\/et_pb_column][et_pb_column type=&#8221;1_3&#8243; _builder_version=&#8221;4.24.0&#8243; _module_preset=&#8221;default&#8221; global_colors_info=&#8221;{}&#8221; theme_builder_area=&#8221;post_content&#8221;][et_pb_text _builder_version=&#8221;4.26.1&#8243; _module_preset=&#8221;4869e8ad-6981-45a4-8279-2a6f2ae26c21&#8243; custom_margin=&#8221;-12px|||||&#8221; locked=&#8221;off&#8221; global_colors_info=&#8221;{}&#8221; theme_builder_area=&#8221;post_content&#8221;]<\/p>\n<p><span style=\"color: #999999;\"><strong>Links<\/strong><\/span><br \/><span style=\"color: #ffffff;\"><a href=\"https:\/\/staldtoftedal.dk\/?page_id=159\" style=\"color: #ffffff;\">Cookie &amp; Privatlivspolitik<\/a><br \/><a href=\"https:\/\/kenneltoftedal.dk\/wp-login.php\" style=\"color: #ffffff;\">Login<\/a><\/span><\/p>\n<p>[\/et_pb_text][\/et_pb_column][\/et_pb_row][\/et_pb_section]<\/p>\n","protected":false},"excerpt":{"rendered":"<p>Stald ToftedalYRINGUR TOFTEDALYringur fra Toftedal DK2019100609 Yringur er virkelig gudernes hest, han har 5 helt fantastisk gangarter, han har et hjerte af guld og er smuk som en gud.Yringur er en 5-\u00e5rig gl, gl\u00f3brun vallak med super let til taktren t\u00f8lt. Han har trods sin 134 cm, store bl\u00f8de og rummelige bev\u00e6gelser som han fuldst\u00e6ndig [&hellip;]<\/p>\n","protected":false},"author":1,"featured_media":0,"parent":0,"menu_order":0,"comment_status":"closed","ping_status":"closed","template":"","meta":{"_et_pb_use_builder":"on","_et_pb_old_content":"","_et_gb_content_width":"","footnotes":""},"class_list":["post-312","page","type-page","status-publish","hentry"],"_links":{"self":[{"href":"https:\/\/staldtoftedal.dk\/index.php?rest_route=\/wp\/v2\/pages\/312","targetHints":{"allow":["GET"]}}],"collection":[{"href":"https:\/\/staldtoftedal.dk\/index.php?rest_route=\/wp\/v2\/pages"}],"about":[{"href":"https:\/\/staldtoftedal.dk\/index.php?rest_route=\/wp\/v2\/types\/page"}],"author":[{"embeddable":true,"href":"https:\/\/staldtoftedal.dk\/index.php?rest_route=\/wp\/v2\/users\/1"}],"replies":[{"embeddable":true,"href":"https:\/\/staldtoftedal.dk\/index.php?rest_route=%2Fwp%2Fv2%2Fcomments&post=312"}],"version-history":[{"count":3,"href":"https:\/\/staldtoftedal.dk\/index.php?rest_route=\/wp\/v2\/pages\/312\/revisions"}],"predecessor-version":[{"id":320,"href":"https:\/\/staldtoftedal.dk\/index.php?rest_route=\/wp\/v2\/pages\/312\/revisions\/320"}],"wp:attachment":[{"href":"https:\/\/staldtoftedal.dk\/index.php?rest_route=%2Fwp%2Fv2%2Fmedia&parent=312"}],"curies":[{"name":"wp","href":"https:\/\/api.w.org\/{rel}","templated":true}]}}