{"id":289,"date":"2024-08-01T13:03:45","date_gmt":"2024-08-01T11:03:45","guid":{"rendered":"https:\/\/staldtoftedal.dk\/?page_id=289"},"modified":"2024-08-01T13:31:38","modified_gmt":"2024-08-01T11:31:38","slug":"gaefur-fra-toftedal","status":"publish","type":"page","link":"https:\/\/staldtoftedal.dk\/?page_id=289","title":{"rendered":"G\u00e6fur fra Toftedal"},"content":{"rendered":"<p>[et_pb_section fb_built=&#8221;1&#8243; admin_label=&#8221;Header&#8221; _builder_version=&#8221;4.26.0&#8243; _module_preset=&#8221;default&#8221; use_background_color_gradient=&#8221;on&#8221; background_color_gradient_stops=&#8221;rgba(0,0,0,0.5) 0%|rgba(0,0,0,0.5) 100%&#8221; background_color_gradient_overlays_image=&#8221;on&#8221; background_image=&#8221;https:\/\/staldtoftedal.dk\/wp-content\/uploads\/2024\/07\/Hestogfoel.jpg&#8221; min_height=&#8221;430px&#8221; height=&#8221;550px&#8221; custom_padding=&#8221;0vw||0vw||true|false&#8221; collapsed=&#8221;on&#8221; global_colors_info=&#8221;{}&#8221; theme_builder_area=&#8221;post_content&#8221;][et_pb_row _builder_version=&#8221;4.20.0&#8243; _module_preset=&#8221;default&#8221; custom_padding=&#8221;200px|||||&#8221; global_colors_info=&#8221;{}&#8221; theme_builder_area=&#8221;post_content&#8221;][et_pb_column type=&#8221;4_4&#8243; _builder_version=&#8221;4.20.0&#8243; _module_preset=&#8221;default&#8221; global_colors_info=&#8221;{}&#8221; theme_builder_area=&#8221;post_content&#8221;][et_pb_text _builder_version=&#8221;4.26.0&#8243; _module_preset=&#8221;8ca7a00c-966a-4e39-8714-cbcb916669b8&#8243; header_4_text_color=&#8221;#FFFFFF&#8221; text_orientation=&#8221;center&#8221; global_colors_info=&#8221;{}&#8221; theme_builder_area=&#8221;post_content&#8221;]<\/p>\n<h4>Stald Toftedal<\/h4>\n<p>[\/et_pb_text][et_pb_text _builder_version=&#8221;4.26.1&#8243; _module_preset=&#8221;83db1767-29b7-40e5-9d39-9172738e88b6&#8243; header_text_color=&#8221;#FFFFFF&#8221; text_orientation=&#8221;center&#8221; hover_enabled=&#8221;0&#8243; global_colors_info=&#8221;{}&#8221; theme_builder_area=&#8221;post_content&#8221; sticky_enabled=&#8221;0&#8243;]<\/p>\n<h1>G\u00c6FUR FRA TOFTEDAL<\/h1>\n<p>[\/et_pb_text][\/et_pb_column][\/et_pb_row][\/et_pb_section][et_pb_section fb_built=&#8221;1&#8243; admin_label=&#8221;About&#8221; _builder_version=&#8221;4.24.0&#8243; _module_preset=&#8221;default&#8221; background_color=&#8221;#FFFFFF&#8221; collapsed=&#8221;on&#8221; global_colors_info=&#8221;{}&#8221; theme_builder_area=&#8221;post_content&#8221;][et_pb_row column_structure=&#8221;3_5,2_5&#8243; _builder_version=&#8221;4.20.0&#8243; _module_preset=&#8221;default&#8221; custom_padding=&#8221;||0px||false|false&#8221; global_colors_info=&#8221;{}&#8221; theme_builder_area=&#8221;post_content&#8221;][et_pb_column type=&#8221;3_5&#8243; _builder_version=&#8221;4.20.0&#8243; _module_preset=&#8221;default&#8221; global_colors_info=&#8221;{}&#8221; theme_builder_area=&#8221;post_content&#8221;][et_pb_blurb image=&#8221;https:\/\/staldtoftedal.dk\/wp-content\/uploads\/2024\/08\/IMG_6547-scaled.jpeg&#8221; _builder_version=&#8221;4.26.1&#8243; _module_preset=&#8221;default&#8221; hover_enabled=&#8221;0&#8243; global_colors_info=&#8221;{}&#8221; theme_builder_area=&#8221;post_content&#8221; sticky_enabled=&#8221;0&#8243; title_text=&#8221;IMG_6547&#8243;][\/et_pb_blurb][\/et_pb_column][et_pb_column type=&#8221;2_5&#8243; _builder_version=&#8221;4.20.0&#8243; _module_preset=&#8221;default&#8221; global_colors_info=&#8221;{}&#8221; theme_builder_area=&#8221;post_content&#8221;][et_pb_text _builder_version=&#8221;4.26.1&#8243; _module_preset=&#8221;c9668099-08d3-4497-bcdd-f8b56eb51207&#8243; text_text_color=&#8221;#FFFFFF&#8221; hover_enabled=&#8221;0&#8243; global_colors_info=&#8221;{}&#8221; theme_builder_area=&#8221;post_content&#8221; sticky_enabled=&#8221;0&#8243;]<\/p>\n<h3><span style=\"color: #000000;\"><strong>G\u00e6fur fra Toftedal<\/strong><\/span><\/h3>\n<p><span style=\"color: #000000;\">G\u00e6fur er et k\u00e6rligt, venligt og smukt brunt hingstef\u00f8l.<\/span><br \/><span style=\"color: #000000;\">G\u00e6fur betyder: Godmodig og blid. Det er s\u00e5dan vi har oplevet alle Lukka\u2019s afkom til nu.\u00a0N\u00e5r det er<\/span><br \/><span style=\"color: #000000;\">ham, der f\u00e5r navnet er det fordi det ogs\u00e5 er Morfar\u2019s navn.<\/span><\/p>\n<p><span style=\"color: #000000;\">G\u00e6fur er efter vores egen avlet 1. klassen hoppe Lukka fra Toftedel (8.06) og Gapur fra Carlsh\u00f8j (8.17).<\/span><\/p>\n<p><span style=\"color: #000000;\">Han har en hel bror N\u00f3i fra Toftedal, som er solgt til Ida.<\/span><br \/><span style=\"color: #000000;\">G\u00e6fur er h\u00f8j og langbenet, vi forventer han bliver mellem 144-148 cm. Han er velrejst med en god hals. G\u00e6fur er 5 g\u00e6nger og viser alle gangarter p\u00e5 marken med god<\/span><br \/><span style=\"color: #000000;\">speed. Han er tillidsfuld, omg\u00e6ngelig og nysgerrig.<\/span><\/p>\n<p><span style=\"color: #000000;\">Han vil have ret til bed\u00e6kninger, hvis han vises til bygningsbed\u00f8mmelse som 3 og 4 \u00e5r.<\/span><\/p>\n<p><span style=\"color: #000000;\">G\u00e6fur er til salg til rette hjem. Han vil kunne flytte hjemmefra omkring 15. februar eller komme p\u00e5 unghingstefold hos os<\/span><\/p>\n<p>[\/et_pb_text][\/et_pb_column][\/et_pb_row][et_pb_row column_structure=&#8221;1_2,1_2&#8243; _builder_version=&#8221;4.26.1&#8243; _module_preset=&#8221;default&#8221; global_colors_info=&#8221;{}&#8221; theme_builder_area=&#8221;post_content&#8221;][et_pb_column type=&#8221;1_2&#8243; _builder_version=&#8221;4.26.1&#8243; _module_preset=&#8221;default&#8221; global_colors_info=&#8221;{}&#8221; theme_builder_area=&#8221;post_content&#8221;][et_pb_image src=&#8221;https:\/\/staldtoftedal.dk\/wp-content\/uploads\/2024\/08\/Gaefur1c-scaled.jpg&#8221; _builder_version=&#8221;4.26.1&#8243; _module_preset=&#8221;default&#8221; theme_builder_area=&#8221;post_content&#8221; hover_enabled=&#8221;0&#8243; sticky_enabled=&#8221;0&#8243; title_text=&#8221;G\u00e6fur1c&#8221;][\/et_pb_image][\/et_pb_column][et_pb_column type=&#8221;1_2&#8243; _builder_version=&#8221;4.26.1&#8243; _module_preset=&#8221;default&#8221; global_colors_info=&#8221;{}&#8221; theme_builder_area=&#8221;post_content&#8221;][et_pb_image src=&#8221;https:\/\/staldtoftedal.dk\/wp-content\/uploads\/2024\/08\/Gaefur1a-scaled.jpg&#8221; title_text=&#8221;G\u00e6fur1a&#8221; _builder_version=&#8221;4.26.1&#8243; _module_preset=&#8221;default&#8221; hover_enabled=&#8221;0&#8243; global_colors_info=&#8221;{}&#8221; theme_builder_area=&#8221;post_content&#8221; sticky_enabled=&#8221;0&#8243;][\/et_pb_image][\/et_pb_column][\/et_pb_row][\/et_pb_section][et_pb_section fb_built=&#8221;1&#8243; _builder_version=&#8221;4.26.0&#8243; _module_preset=&#8221;default&#8221; background_color=&#8221;rgba(0,0,0,0.45)&#8221; use_background_color_gradient=&#8221;on&#8221; background_color_gradient_direction=&#8221;145deg&#8221; background_color_gradient_stops=&#8221;#230a0a 0%|rgba(0,0,0,0.73) 37%|rgba(255,255,255,0.55) 97%&#8221; background_color_gradient_overlays_image=&#8221;on&#8221; background_image=&#8221;https:\/\/staldtoftedal.dk\/wp-content\/uploads\/2024\/07\/flok.jpg&#8221; custom_padding=&#8221;||1px|||&#8221; global_colors_info=&#8221;{}&#8221; theme_builder_area=&#8221;post_content&#8221;][et_pb_row column_structure=&#8221;1_3,1_3,1_3&#8243; _builder_version=&#8221;4.24.0&#8243; _module_preset=&#8221;default&#8221; custom_margin=&#8221;-29px|auto||auto||&#8221; custom_padding=&#8221;|0px|14px|||&#8221; global_colors_info=&#8221;{}&#8221; theme_builder_area=&#8221;post_content&#8221;][et_pb_column type=&#8221;1_3&#8243; _builder_version=&#8221;4.24.0&#8243; _module_preset=&#8221;default&#8221; global_colors_info=&#8221;{}&#8221; theme_builder_area=&#8221;post_content&#8221;][et_pb_text _builder_version=&#8221;4.24.0&#8243; _module_preset=&#8221;4869e8ad-6981-45a4-8279-2a6f2ae26c21&#8243; custom_margin=&#8221;-12px|||||&#8221; locked=&#8221;off&#8221; global_colors_info=&#8221;{}&#8221; theme_builder_area=&#8221;post_content&#8221;]<\/p>\n<p><span style=\"color: #999999;\"><strong>Adresse<\/strong><\/span><br \/><span style=\"color: #ffffff;\">Toftev\u00e6nget 80<br \/>5700 Svendborg<\/span><\/p>\n<p>[\/et_pb_text][\/et_pb_column][et_pb_column type=&#8221;1_3&#8243; _builder_version=&#8221;4.24.0&#8243; _module_preset=&#8221;default&#8221; global_colors_info=&#8221;{}&#8221; theme_builder_area=&#8221;post_content&#8221;][et_pb_text _builder_version=&#8221;4.24.0&#8243; _module_preset=&#8221;4869e8ad-6981-45a4-8279-2a6f2ae26c21&#8243; custom_margin=&#8221;-12px|||||&#8221; locked=&#8221;off&#8221; global_colors_info=&#8221;{}&#8221; theme_builder_area=&#8221;post_content&#8221;]<\/p>\n<p><span style=\"color: #999999;\"><strong>Kontakt<\/strong><\/span><br \/><span style=\"color: #ffffff;\"><span>+45 2442 0045<\/span>\u00a0<br \/><\/span><span style=\"color: #ffffff;\"><span>Susannedannaher@gmail.com<\/span><\/span>\u00a0<\/p>\n<p>[\/et_pb_text][\/et_pb_column][et_pb_column type=&#8221;1_3&#8243; _builder_version=&#8221;4.24.0&#8243; _module_preset=&#8221;default&#8221; global_colors_info=&#8221;{}&#8221; theme_builder_area=&#8221;post_content&#8221;][et_pb_text _builder_version=&#8221;4.26.1&#8243; _module_preset=&#8221;4869e8ad-6981-45a4-8279-2a6f2ae26c21&#8243; custom_margin=&#8221;-12px|||||&#8221; locked=&#8221;off&#8221; global_colors_info=&#8221;{}&#8221; theme_builder_area=&#8221;post_content&#8221;]<\/p>\n<p><span style=\"color: #999999;\"><strong>Links<\/strong><\/span><br \/><span style=\"color: #ffffff;\"><a href=\"https:\/\/staldtoftedal.dk\/?page_id=159\" style=\"color: #ffffff;\">Cookie &amp; Privatlivspolitik<\/a><br \/><a href=\"https:\/\/kenneltoftedal.dk\/wp-login.php\" style=\"color: #ffffff;\">Login<\/a><\/span><\/p>\n<p>[\/et_pb_text][\/et_pb_column][\/et_pb_row][\/et_pb_section]<\/p>\n","protected":false},"excerpt":{"rendered":"<p>Stald ToftedalG\u00c6FUR FRA TOFTEDALG\u00e6fur fra Toftedal G\u00e6fur er et k\u00e6rligt, venligt og smukt brunt hingstef\u00f8l.G\u00e6fur betyder: Godmodig og blid. Det er s\u00e5dan vi har oplevet alle Lukka\u2019s afkom til nu.\u00a0N\u00e5r det erham, der f\u00e5r navnet er det fordi det ogs\u00e5 er Morfar\u2019s navn. G\u00e6fur er efter vores egen avlet 1. klassen hoppe Lukka fra Toftedel [&hellip;]<\/p>\n","protected":false},"author":1,"featured_media":0,"parent":0,"menu_order":0,"comment_status":"closed","ping_status":"closed","template":"","meta":{"_et_pb_use_builder":"on","_et_pb_old_content":"","_et_gb_content_width":"","footnotes":""},"class_list":["post-289","page","type-page","status-publish","hentry"],"_links":{"self":[{"href":"https:\/\/staldtoftedal.dk\/index.php?rest_route=\/wp\/v2\/pages\/289","targetHints":{"allow":["GET"]}}],"collection":[{"href":"https:\/\/staldtoftedal.dk\/index.php?rest_route=\/wp\/v2\/pages"}],"about":[{"href":"https:\/\/staldtoftedal.dk\/index.php?rest_route=\/wp\/v2\/types\/page"}],"author":[{"embeddable":true,"href":"https:\/\/staldtoftedal.dk\/index.php?rest_route=\/wp\/v2\/users\/1"}],"replies":[{"embeddable":true,"href":"https:\/\/staldtoftedal.dk\/index.php?rest_route=%2Fwp%2Fv2%2Fcomments&post=289"}],"version-history":[{"count":3,"href":"https:\/\/staldtoftedal.dk\/index.php?rest_route=\/wp\/v2\/pages\/289\/revisions"}],"predecessor-version":[{"id":298,"href":"https:\/\/staldtoftedal.dk\/index.php?rest_route=\/wp\/v2\/pages\/289\/revisions\/298"}],"wp:attachment":[{"href":"https:\/\/staldtoftedal.dk\/index.php?rest_route=%2Fwp%2Fv2%2Fmedia&parent=289"}],"curies":[{"name":"wp","href":"https:\/\/api.w.org\/{rel}","templated":true}]}}