{"id":264,"date":"2024-07-29T13:46:50","date_gmt":"2024-07-29T11:46:50","guid":{"rendered":"https:\/\/staldtoftedal.dk\/?page_id=264"},"modified":"2024-08-01T12:56:22","modified_gmt":"2024-08-01T10:56:22","slug":"freyr","status":"publish","type":"page","link":"https:\/\/staldtoftedal.dk\/?page_id=264","title":{"rendered":"Freyr fra Toftedal"},"content":{"rendered":"<p>[et_pb_section fb_built=&#8221;1&#8243; admin_label=&#8221;Header&#8221; _builder_version=&#8221;4.26.0&#8243; _module_preset=&#8221;default&#8221; use_background_color_gradient=&#8221;on&#8221; background_color_gradient_stops=&#8221;rgba(0,0,0,0.5) 0%|rgba(0,0,0,0.5) 100%&#8221; background_color_gradient_overlays_image=&#8221;on&#8221; background_image=&#8221;https:\/\/staldtoftedal.dk\/wp-content\/uploads\/2024\/07\/Hestogfoel.jpg&#8221; min_height=&#8221;430px&#8221; height=&#8221;550px&#8221; custom_padding=&#8221;0vw||0vw||true|false&#8221; collapsed=&#8221;on&#8221; global_colors_info=&#8221;{}&#8221; theme_builder_area=&#8221;post_content&#8221;][et_pb_row _builder_version=&#8221;4.20.0&#8243; _module_preset=&#8221;default&#8221; custom_padding=&#8221;200px|||||&#8221; global_colors_info=&#8221;{}&#8221; theme_builder_area=&#8221;post_content&#8221;][et_pb_column type=&#8221;4_4&#8243; _builder_version=&#8221;4.20.0&#8243; _module_preset=&#8221;default&#8221; global_colors_info=&#8221;{}&#8221; theme_builder_area=&#8221;post_content&#8221;][et_pb_text _builder_version=&#8221;4.26.0&#8243; _module_preset=&#8221;8ca7a00c-966a-4e39-8714-cbcb916669b8&#8243; header_4_text_color=&#8221;#FFFFFF&#8221; text_orientation=&#8221;center&#8221; global_colors_info=&#8221;{}&#8221; theme_builder_area=&#8221;post_content&#8221;]<\/p>\n<h4>Stald Toftedal<\/h4>\n<p>[\/et_pb_text][et_pb_text _builder_version=&#8221;4.26.1&#8243; _module_preset=&#8221;83db1767-29b7-40e5-9d39-9172738e88b6&#8243; header_text_color=&#8221;#FFFFFF&#8221; text_orientation=&#8221;center&#8221; hover_enabled=&#8221;0&#8243; global_colors_info=&#8221;{}&#8221; theme_builder_area=&#8221;post_content&#8221; sticky_enabled=&#8221;0&#8243;]<\/p>\n<h1>FREYR FRA TOFTEDAL<\/h1>\n<p>[\/et_pb_text][\/et_pb_column][\/et_pb_row][\/et_pb_section][et_pb_section fb_built=&#8221;1&#8243; admin_label=&#8221;About&#8221; _builder_version=&#8221;4.24.0&#8243; _module_preset=&#8221;default&#8221; background_color=&#8221;#FFFFFF&#8221; collapsed=&#8221;on&#8221; global_colors_info=&#8221;{}&#8221;][et_pb_row column_structure=&#8221;3_5,2_5&#8243; _builder_version=&#8221;4.20.0&#8243; _module_preset=&#8221;default&#8221; custom_padding=&#8221;||0px||false|false&#8221; global_colors_info=&#8221;{}&#8221;][et_pb_column type=&#8221;3_5&#8243; _builder_version=&#8221;4.20.0&#8243; _module_preset=&#8221;default&#8221; global_colors_info=&#8221;{}&#8221;][et_pb_blurb image=&#8221;https:\/\/staldtoftedal.dk\/wp-content\/uploads\/2024\/07\/IMG_6711.jpg&#8221; _builder_version=&#8221;4.26.1&#8243; _module_preset=&#8221;default&#8221; global_colors_info=&#8221;{}&#8221;][\/et_pb_blurb][\/et_pb_column][et_pb_column type=&#8221;2_5&#8243; _builder_version=&#8221;4.20.0&#8243; _module_preset=&#8221;default&#8221; global_colors_info=&#8221;{}&#8221;][et_pb_text _builder_version=&#8221;4.26.1&#8243; _module_preset=&#8221;c9668099-08d3-4497-bcdd-f8b56eb51207&#8243; text_text_color=&#8221;#FFFFFF&#8221; global_colors_info=&#8221;{}&#8221;]<\/p>\n<h3><span style=\"color: #000000;\"><strong>Freyr fra Toftedal<\/strong><\/span><\/h3>\n<p><span style=\"color: #000000;\">Freyr er en venlig, rolig og ret cool unghingst med en nysgerrighed jeg kun kan elske. Hvor en 1 \u00e5rs \u00e6ldre kammerat stopper, g\u00e5r Freyr nysgerrig og modig frem fx. ind i traileren, da de begge skulle hjem fra unghingstefold efter\u00e5ret 2023.<\/span><\/p>\n<p><span style=\"color: #000000;\">Freyr er frugtbarhedsguden i den nordiske mytologi.<\/span><\/p>\n<p><span style=\"color: #000000;\">Freyr er efter:<\/span><br \/><span style=\"color: #000000;\">Mor: Sunna fra Svennebjerggaard<\/span><br \/><span style=\"color: #000000;\">Morfar: H\u00e1rekure fra Isafold (der ogs\u00e5 er kendt for sit fantastiske sind) og<\/span><br \/><span style=\"color: #000000;\">Far: Gapur fra Carlsh\u00f8j (8.17)<\/span><br \/><span style=\"color: #000000;\">Farfar: Gumi fr\u00e1 Strandarh\u00f6f\u00f0i<\/span><\/p>\n<p><span style=\"color: #000000;\">Han har en 1 \u00e5r \u00e6ldre helbror <strong>Kvistur fra Toftedal<\/strong>, som er solgt til Pernille.<\/span><\/p>\n<p><span style=\"color: #000000;\">Freyr er en smuk og udtryksfuld r\u00f8dbrun hingst med 5 gangarter, han taktren b\u00e5de t\u00f8lt og trav p\u00e5 marken. Han er langbenet, har gode proportioner og en velanset hals.<\/span><br \/><span style=\"color: #000000;\">Vi forventer han bliver omkring 140 + cm h\u00f8j.<\/span><\/p>\n<p><span style=\"color: #000000;\">Freyr er til salg til rette hjem. Han g\u00e5r hele \u00e5ret p\u00e5 unghingstefold i Morup<\/span><br \/><span style=\"color: #000000;\"><strong>Pris: 32.000 kr<\/strong><\/span><\/p>\n<p>[\/et_pb_text][\/et_pb_column][\/et_pb_row][et_pb_row _builder_version=&#8221;4.26.1&#8243; _module_preset=&#8221;default&#8221; column_structure=&#8221;1_3,1_3,1_3&#8243;][et_pb_column _builder_version=&#8221;4.26.1&#8243; _module_preset=&#8221;default&#8221; type=&#8221;1_3&#8243;][et_pb_image src=&#8221;https:\/\/staldtoftedal.dk\/wp-content\/uploads\/2024\/08\/Freyr3-1.jpg&#8221; _builder_version=&#8221;4.26.1&#8243; _module_preset=&#8221;default&#8221; title_text=&#8221;Freyr3&#8243; hover_enabled=&#8221;0&#8243; sticky_enabled=&#8221;0&#8243;][\/et_pb_image][\/et_pb_column][et_pb_column _builder_version=&#8221;4.26.1&#8243; _module_preset=&#8221;default&#8221; type=&#8221;1_3&#8243;][et_pb_image src=&#8221;https:\/\/staldtoftedal.dk\/wp-content\/uploads\/2024\/08\/Freyr2.jpg&#8221; _builder_version=&#8221;4.26.1&#8243; _module_preset=&#8221;default&#8221; hover_enabled=&#8221;0&#8243; sticky_enabled=&#8221;0&#8243; title_text=&#8221;Freyr2&#8243;][\/et_pb_image][\/et_pb_column][et_pb_column _builder_version=&#8221;4.26.1&#8243; _module_preset=&#8221;default&#8221; type=&#8221;1_3&#8243;][et_pb_image src=&#8221;https:\/\/staldtoftedal.dk\/wp-content\/uploads\/2024\/08\/Freyr1.jpg&#8221; _builder_version=&#8221;4.26.1&#8243; _module_preset=&#8221;default&#8221; title_text=&#8221;Freyr1&#8243; hover_enabled=&#8221;0&#8243; sticky_enabled=&#8221;0&#8243;][\/et_pb_image][\/et_pb_column][\/et_pb_row][\/et_pb_section][et_pb_section fb_built=&#8221;1&#8243; _builder_version=&#8221;4.26.0&#8243; _module_preset=&#8221;default&#8221; background_color=&#8221;rgba(0,0,0,0.45)&#8221; use_background_color_gradient=&#8221;on&#8221; background_color_gradient_direction=&#8221;145deg&#8221; background_color_gradient_stops=&#8221;#230a0a 0%|rgba(0,0,0,0.73) 37%|rgba(255,255,255,0.55) 97%&#8221; background_color_gradient_overlays_image=&#8221;on&#8221; background_image=&#8221;https:\/\/staldtoftedal.dk\/wp-content\/uploads\/2024\/07\/flok.jpg&#8221; custom_padding=&#8221;||1px|||&#8221; global_colors_info=&#8221;{}&#8221;][et_pb_row column_structure=&#8221;1_3,1_3,1_3&#8243; _builder_version=&#8221;4.24.0&#8243; _module_preset=&#8221;default&#8221; custom_margin=&#8221;-29px|auto||auto||&#8221; custom_padding=&#8221;|0px|14px|||&#8221; global_colors_info=&#8221;{}&#8221;][et_pb_column type=&#8221;1_3&#8243; _builder_version=&#8221;4.24.0&#8243; _module_preset=&#8221;default&#8221; global_colors_info=&#8221;{}&#8221;][et_pb_text _builder_version=&#8221;4.24.0&#8243; _module_preset=&#8221;4869e8ad-6981-45a4-8279-2a6f2ae26c21&#8243; custom_margin=&#8221;-12px|||||&#8221; locked=&#8221;off&#8221; global_colors_info=&#8221;{}&#8221;]<\/p>\n<p><span style=\"color: #999999;\"><strong>Adresse<\/strong><\/span><br \/><span style=\"color: #ffffff;\">Toftev\u00e6nget 80<br \/>5700 Svendborg<\/span><\/p>\n<p>[\/et_pb_text][\/et_pb_column][et_pb_column type=&#8221;1_3&#8243; _builder_version=&#8221;4.24.0&#8243; _module_preset=&#8221;default&#8221; global_colors_info=&#8221;{}&#8221;][et_pb_text _builder_version=&#8221;4.24.0&#8243; _module_preset=&#8221;4869e8ad-6981-45a4-8279-2a6f2ae26c21&#8243; custom_margin=&#8221;-12px|||||&#8221; locked=&#8221;off&#8221; global_colors_info=&#8221;{}&#8221;]<\/p>\n<p><span style=\"color: #999999;\"><strong>Kontakt<\/strong><\/span><br \/><span style=\"color: #ffffff;\"><span>+45 2442 0045<\/span>\u00a0<br \/><\/span><span style=\"color: #ffffff;\"><span>Susannedannaher@gmail.com<\/span><\/span>\u00a0<\/p>\n<p>[\/et_pb_text][\/et_pb_column][et_pb_column type=&#8221;1_3&#8243; _builder_version=&#8221;4.24.0&#8243; _module_preset=&#8221;default&#8221; global_colors_info=&#8221;{}&#8221;][et_pb_text _builder_version=&#8221;4.26.1&#8243; _module_preset=&#8221;4869e8ad-6981-45a4-8279-2a6f2ae26c21&#8243; custom_margin=&#8221;-12px|||||&#8221; locked=&#8221;off&#8221; global_colors_info=&#8221;{}&#8221;]<\/p>\n<p><span style=\"color: #999999;\"><strong>Links<\/strong><\/span><br \/><span style=\"color: #ffffff;\"><a href=\"https:\/\/staldtoftedal.dk\/?page_id=159\" style=\"color: #ffffff;\">Cookie &amp; Privatlivspolitik<\/a><br \/><a href=\"https:\/\/kenneltoftedal.dk\/wp-login.php\" style=\"color: #ffffff;\">Login<\/a><\/span><\/p>\n<p>[\/et_pb_text][\/et_pb_column][\/et_pb_row][\/et_pb_section]<\/p>\n","protected":false},"excerpt":{"rendered":"<p>Stald ToftedalFREYR FRA TOFTEDALFreyr fra Toftedal Freyr er en venlig, rolig og ret cool unghingst med en nysgerrighed jeg kun kan elske. Hvor en 1 \u00e5rs \u00e6ldre kammerat stopper, g\u00e5r Freyr nysgerrig og modig frem fx. ind i traileren, da de begge skulle hjem fra unghingstefold efter\u00e5ret 2023. Freyr er frugtbarhedsguden i den nordiske mytologi. [&hellip;]<\/p>\n","protected":false},"author":1,"featured_media":0,"parent":0,"menu_order":0,"comment_status":"closed","ping_status":"closed","template":"","meta":{"_et_pb_use_builder":"on","_et_pb_old_content":"","_et_gb_content_width":"","footnotes":""},"class_list":["post-264","page","type-page","status-publish","hentry"],"_links":{"self":[{"href":"https:\/\/staldtoftedal.dk\/index.php?rest_route=\/wp\/v2\/pages\/264","targetHints":{"allow":["GET"]}}],"collection":[{"href":"https:\/\/staldtoftedal.dk\/index.php?rest_route=\/wp\/v2\/pages"}],"about":[{"href":"https:\/\/staldtoftedal.dk\/index.php?rest_route=\/wp\/v2\/types\/page"}],"author":[{"embeddable":true,"href":"https:\/\/staldtoftedal.dk\/index.php?rest_route=\/wp\/v2\/users\/1"}],"replies":[{"embeddable":true,"href":"https:\/\/staldtoftedal.dk\/index.php?rest_route=%2Fwp%2Fv2%2Fcomments&post=264"}],"version-history":[{"count":5,"href":"https:\/\/staldtoftedal.dk\/index.php?rest_route=\/wp\/v2\/pages\/264\/revisions"}],"predecessor-version":[{"id":285,"href":"https:\/\/staldtoftedal.dk\/index.php?rest_route=\/wp\/v2\/pages\/264\/revisions\/285"}],"wp:attachment":[{"href":"https:\/\/staldtoftedal.dk\/index.php?rest_route=%2Fwp%2Fv2%2Fmedia&parent=264"}],"curies":[{"name":"wp","href":"https:\/\/api.w.org\/{rel}","templated":true}]}}